{"id":56730,"date":"2021-12-16T11:34:01","date_gmt":"2021-12-16T10:34:01","guid":{"rendered":"https:\/\/lachemhood.hu\/?page_id=56730"},"modified":"2025-12-15T16:03:48","modified_gmt":"2025-12-15T15:03:48","slug":"legal-notice","status":"publish","type":"page","link":"https:\/\/lachemhood.hu\/en\/legal-notice\/","title":{"rendered":"Legal declaration"},"content":{"rendered":"\t\t<div data-elementor-type=\"wp-page\" data-elementor-id=\"56730\" class=\"elementor elementor-56730 elementor-4956\" data-elementor-post-type=\"page\">\n\t\t\t\t<div data-particle_enable=\"false\" data-particle-mobile-disabled=\"false\" class=\"elementor-element elementor-element-60bde2dd e-flex e-con-boxed e-con e-parent\" data-id=\"60bde2dd\" data-element_type=\"container\" data-e-type=\"container\">\n\t\t\t\t\t<div class=\"e-con-inner\">\n\t\t\t\t<div class=\"elementor-element elementor-element-1046b25c elementor-widget elementor-widget-text-editor\" data-id=\"1046b25c\" data-element_type=\"widget\" data-e-type=\"widget\" data-widget_type=\"text-editor.default\">\n\t\t\t\t<div class=\"elementor-widget-container\">\n\t\t\t\t\t\t\t\t\t<section class=\"legal-notice\" style=\"padding: 2rem; max-width: 1000px; margin: auto; font-family: 'Montserrat', sans-serif; color: #2c3e50; line-height: 1.6; font-size: 1rem;\">\n  <h2 style=\"font-size: 1.8rem; margin-bottom: 1rem;\">Jogi nyilatkozat \u00e9s felhaszn\u00e1l\u00e1si felt\u00e9telek<\/h2>\n\n  <p><strong>A honlap tartalma, illetve oldalainak b\u00e1rmilyen alkot\u00f3eleme (sz\u00f6veg, k\u00e9p, hang, vide\u00f3, anim\u00e1ci\u00f3, stb.) csak a Lachem Hood Kft. el\u0151zetes \u00edr\u00e1sbeli enged\u00e9ly\u00e9vel haszn\u00e1lhat\u00f3 fel.<\/strong><\/p>\n\n  <p><strong>A m\u00e1sodk\u00f6zl\u00e9snek meg kell felelnie t\u00f6bbek k\u00f6z\u00f6tt a k\u00f6vetkez\u0151 jogszab\u00e1lyoknak:<\/strong><\/p>\n  <ul style=\"margin-left: 1.5rem; margin-bottom: 1rem;\">\n    <li>2013. \u00e9vi V. t\u00f6rv\u00e9ny \u2013 Polg\u00e1ri T\u00f6rv\u00e9nyk\u00f6nyv<\/li>\n    <li>2012. \u00e9vi C. t\u00f6rv\u00e9ny \u2013 B\u00fcntet\u0151 T\u00f6rv\u00e9nyk\u00f6nyv<\/li>\n    <li>1999. \u00e9vi LXXVI. t\u00f6rv\u00e9ny \u2013 Szerz\u0151i jogi t\u00f6rv\u00e9ny<\/li>\n    <li>2010. \u00e9vi CLXXXV. t\u00f6rv\u00e9ny \u2013 M\u00e9diaszolg\u00e1ltat\u00e1sokr\u00f3l \u00e9s t\u00f6megkommunik\u00e1ci\u00f3r\u00f3l<\/li>\n  <\/ul>\n\n  <p><strong>A tartalomszolg\u00e1ltat\u00f3 enged\u00e9lye n\u00e9lk\u00fcl a weboldal b\u00e1rmely alkot\u00f3eleme (egy\u00fctt \u00e9s k\u00fcl\u00f6n-k\u00fcl\u00f6n is) online vagy nyomtatott form\u00e1ban, nyilv\u00e1nos k\u00f6zz\u00e9t\u00e9tel c\u00e9lj\u00e1b\u00f3l tilos.<\/strong><\/p>\n\n  <p>A Lachem Hood Kft. t\u00e1j\u00e9koztatja \u00d6nt, hogy weboldalainak megtekint\u00e9se \u00e9s haszn\u00e1lata az al\u00e1bbi felt\u00e9telek elfogad\u00e1s\u00e1t jelenti:<\/p>\n\n  <ul style=\"margin-left: 1.5rem;\">\n    <li>A weboldal \u00e9s tartalma szerz\u0151i jogv\u00e9delem alatt \u00e1ll, minden jog fenntartva.<\/li>\n    <li>A tartalom reproduk\u00e1l\u00e1sa, \u00e1truh\u00e1z\u00e1sa, terjeszt\u00e9se vagy t\u00e1rol\u00e1sa csak el\u0151zetes \u00edr\u00e1sbeli enged\u00e9llyel t\u00f6rt\u00e9nhet.<\/li>\n    <li>A megjelen\u00edtett tartalmak v\u00e1ltoztat\u00e1s n\u00e9lk\u00fcl \u00e9rtend\u0151k; a Lachem Hood Kft. nem v\u00e1llal garanci\u00e1t a pontoss\u00e1gra \u00e9s megb\u00edzhat\u00f3s\u00e1gra.<\/li>\n    <li>A weboldal tartalma, el\u00e9rhet\u0151s\u00e9ge \u00e9s strukt\u00far\u00e1ja b\u00e1rmikor m\u00f3dosulhat.<\/li>\n    <li>M\u00e1s c\u00e9gek nevei, log\u00f3i \u2013 ha megjelennek \u2013 a megfelel\u0151 v\u00e9djegyoltalom alatt \u00e1llnak.<\/li>\n    <li>Nem v\u00e1llalunk felel\u0151ss\u00e9get harmadik f\u00e9l \u00e1ltal l\u00e9trehozott vagy k\u00f6zz\u00e9tett anyagok\u00e9rt, amelyekhez a weboldal kapcsol\u00f3dik.<\/li>\n    <li>A szerver el\u00e9rhetetlens\u00e9g\u00e9b\u0151l, m\u0171k\u00f6d\u00e9si hib\u00e1j\u00e1b\u00f3l vagy jogosulatlan hozz\u00e1f\u00e9r\u00e9sb\u0151l ered\u0151 k\u00e1rok\u00e9rt nem v\u00e1llalunk felel\u0151ss\u00e9get.<\/li>\n    <li>Amennyiben \u00edr\u00e1sos anyagot k\u00fcld nek\u00fcnk, azzal hozz\u00e1j\u00e1rul annak nyilv\u00e1nos k\u00f6zz\u00e9t\u00e9tel\u00e9hez \u00e9s felhaszn\u00e1l\u00e1s\u00e1hoz.<\/li>\n    <li>A Lachem Hood Kft.-t nem terheli felel\u0151ss\u00e9g a bek\u00fcld\u00f6tt tartalommal kapcsolatos jogi ig\u00e9nyek\u00e9rt.<\/li>\n    <li>A honlap haszn\u00e1lata sor\u00e1n napl\u00f3zhatjuk az \u00d6n IP-c\u00edm\u00e9t, b\u00f6ng\u00e9sz\u0151j\u00e9t \u00e9s cookie-azonos\u00edt\u00f3j\u00e1t statisztikai, fejleszt\u00e9si c\u00e9lokra.<\/li>\n    <li>Szem\u00e9lyes adatait v\u00e9detten t\u00e1roljuk, illet\u00e9ktelen hozz\u00e1f\u00e9r\u00e9st\u0151l technikai \u00e9s szervezeti eszk\u00f6z\u00f6kkel v\u00e9dj\u00fck.<\/li>\n    <li>Adatokat harmadik f\u00e9lnek csak az \u00d6n beleegyez\u00e9s\u00e9vel adunk \u00e1t.<\/li>\n    <li>A weboldal tartalmazhat k\u00fcls\u0151 hivatkoz\u00e1sokat, ezek adatkezel\u00e9s\u00e9\u00e9rt a Lachem Hood Kft. nem v\u00e1llal felel\u0151ss\u00e9get.<\/li>\n  <\/ul>\n<\/section>\n\t\t\t\t\t\t\t\t<\/div>\n\t\t\t\t<\/div>\n\t\t\t\t\t<\/div>\n\t\t\t\t<\/div>\n\t\t\t\t<\/div>\n\t\t","protected":false},"excerpt":{"rendered":"A honlap tartalma, illetve oldalainak b\u00e1rmilyen alkot\u00f3eleme (sz\u00f6veg, k\u00e9p, hang, vide\u00f3, anim\u00e1ci\u00f3, stb.) csak a Lachem Hood Kft. el\u0151zetes \u00edr\u00e1sbeli enged\u00e9ly\u00e9vel haszn\u00e1lhat\u00f3 fel.&nbsp; A m\u00e1sodk\u00f6zl\u00e9snek meg kell felelnie \u2013 t\u00f6bbek k\u00f6z\u00f6tt \u2013&nbsp;&nbsp;a Polg\u00e1ri T\u00f6rv\u00e9nyk\u00f6nyvr\u0151l sz\u00f3l\u00f3&nbsp;2013. \u00e9vi V. t\u00f6rv\u00e9ny, a B\u00fcntet\u0151 T\u00f6rv\u00e9nyk\u00f6nyvr\u0151l sz\u00f3l\u00f3&nbsp;2012. \u00e9vi C. t\u00f6rv\u00e9ny, a Szerz\u0151i jogr\u00f3l sz\u00f3l\u00f3 1999. \u00e9vi LXXVI. t\u00f6rv\u00e9ny, \u00e9s a&#8230;\n","protected":false},"author":2,"featured_media":0,"parent":0,"menu_order":0,"comment_status":"closed","ping_status":"closed","template":"","meta":{"_bodyClasses":"","_disableContainer":false,"_hidePageHeader":false,"_headerStyle":"","_isCustomHeader":false,"_headerStaticContentID":0,"_isCustomFooter":false,"_footerStaticContentId":0,"footnotes":""},"class_list":["post-56730","page","type-page","status-publish","hentry"],"_links":{"self":[{"href":"https:\/\/lachemhood.hu\/en\/wp-json\/wp\/v2\/pages\/56730","targetHints":{"allow":["GET"]}}],"collection":[{"href":"https:\/\/lachemhood.hu\/en\/wp-json\/wp\/v2\/pages"}],"about":[{"href":"https:\/\/lachemhood.hu\/en\/wp-json\/wp\/v2\/types\/page"}],"author":[{"embeddable":true,"href":"https:\/\/lachemhood.hu\/en\/wp-json\/wp\/v2\/users\/2"}],"replies":[{"embeddable":true,"href":"https:\/\/lachemhood.hu\/en\/wp-json\/wp\/v2\/comments?post=56730"}],"version-history":[{"count":2,"href":"https:\/\/lachemhood.hu\/en\/wp-json\/wp\/v2\/pages\/56730\/revisions"}],"predecessor-version":[{"id":61033,"href":"https:\/\/lachemhood.hu\/en\/wp-json\/wp\/v2\/pages\/56730\/revisions\/61033"}],"wp:attachment":[{"href":"https:\/\/lachemhood.hu\/en\/wp-json\/wp\/v2\/media?parent=56730"}],"curies":[{"name":"wp","href":"https:\/\/api.w.org\/{rel}","templated":true}]}}