{"id":60975,"date":"2025-12-17T15:13:07","date_gmt":"2025-12-17T14:13:07","guid":{"rendered":"https:\/\/lachemhood.hu\/?page_id=60975"},"modified":"2025-12-17T15:13:07","modified_gmt":"2025-12-17T14:13:07","slug":"our-machines","status":"publish","type":"page","link":"https:\/\/lachemhood.hu\/en\/our-machines\/","title":{"rendered":"Our machines"},"content":{"rendered":"\t\t<div data-elementor-type=\"wp-page\" data-elementor-id=\"60975\" class=\"elementor elementor-60975 elementor-60205\" data-elementor-post-type=\"page\">\n\t\t\t\t<div data-particle_enable=\"false\" data-particle-mobile-disabled=\"false\" class=\"elementor-element elementor-element-f68f56d e-grid e-con-boxed e-con e-parent\" data-id=\"f68f56d\" data-element_type=\"container\" data-e-type=\"container\">\n\t\t\t\t\t<div class=\"e-con-inner\">\n\t\t\t\t<div class=\"elementor-element elementor-element-072e6ac elementor-widget elementor-widget-text-editor\" data-id=\"072e6ac\" data-element_type=\"widget\" data-e-type=\"widget\" data-widget_type=\"text-editor.default\">\n\t\t\t\t<div class=\"elementor-widget-container\">\n\t\t\t\t\t\t\t\t\t<section class=\"lapszabaszat-section\"><div class=\"container\"><h2>Lapszab\u00e1szat<\/h2><p>Lapszab\u00e1sz g\u00e9peinkkel v\u00e1llaljuk lamin\u00e1lt b\u00fatorlapok, munkalapok, kompakt lemezek \u00e9s polipropil\u00e9n lemezek szab\u00e1szat\u00e1t.\n    <\/p><p>\u00d6nnek csak a m\u00e9reteket kell megadnia \u2013 mi elk\u00e9sz\u00edtj\u00fck az optimaliz\u00e1lt szab\u00e1szati t\u00e9rk\u00e9peket a min\u00e9l hat\u00e9konyabb anyagkihozatal \u00e9rdek\u00e9ben.\n    <\/p><p><strong>V\u00edzszintes v\u00e1g\u00e1s hossz\u00fas\u00e1g:<\/strong> 4000 mm<br\/><strong>F\u00fcgg\u0151leges v\u00e1g\u00e1smagass\u00e1g:<\/strong> 2000 mm<br\/><strong>V\u00e1g\u00e1s vastags\u00e1g:<\/strong> 25 mm\n    <\/p><\/div><\/section><style>.lapszabaszat-section {\n    padding: 2rem;\n    background-color: #ffffff;\n    font-family: Arial, sans-serif;\n  }\n\n  .container {\n    max-width: 1100px;\n    margin: 0 auto;\n    padding: 0 1rem;\n  }\n\n  .lapszabaszat-section h2 {\n    font-size: 2rem;\n    margin-bottom: 1rem;\n    color: #333;\n  }\n\n  .lapszabaszat-section p {\n    font-size: 1.1rem;\n    line-height: 1.6;\n    color: #444;\n    margin-bottom: 1rem;\n  }\n\n  @media (max-width: 768px) {\n    .lapszabaszat-section h2 {\n      font-size: 1.6rem;\n    }\n\n    .lapszabaszat-section p {\n      font-size: 1rem;\n    }\n  }\n<\/style>\t\t\t\t\t\t\t\t<\/div>\n\t\t\t\t<\/div>\n\t\t\t\t<div class=\"elementor-element elementor-element-403112c elementor-widget elementor-widget-image\" data-id=\"403112c\" data-element_type=\"widget\" data-e-type=\"widget\" data-widget_type=\"image.default\">\n\t\t\t\t<div class=\"elementor-widget-container\">\n\t\t\t\t\t\t\t\t\t\t\t\t<figure class=\"wp-caption\">\n\t\t\t\t\t\t\t\t\t\t<img fetchpriority=\"high\" decoding=\"async\" width=\"900\" height=\"499\" src=\"https:\/\/lachemhood.hu\/wp-content\/uploads\/2025\/10\/Fuggoleges-szabasz-gep.webp\" class=\"attachment-full size-full wp-image-60265\" alt=\"\" srcset=\"https:\/\/lachemhood.hu\/wp-content\/uploads\/2025\/10\/Fuggoleges-szabasz-gep.webp 900w, https:\/\/lachemhood.hu\/wp-content\/uploads\/2025\/10\/Fuggoleges-szabasz-gep-400x222.webp 400w, https:\/\/lachemhood.hu\/wp-content\/uploads\/2025\/10\/Fuggoleges-szabasz-gep-300x166.webp 300w, https:\/\/lachemhood.hu\/wp-content\/uploads\/2025\/10\/Fuggoleges-szabasz-gep-768x426.webp 768w\" sizes=\"(max-width: 900px) 100vw, 900px\" title=\"\">\t\t\t\t\t\t\t\t\t\t\t<figcaption class=\"widget-image-caption wp-caption-text\">BALA CPM E 2B slitting machine. Vertical panel saw. <\/figcaption>\n\t\t\t\t\t\t\t\t\t\t<\/figure>\n\t\t\t\t\t\t\t\t\t<\/div>\n\t\t\t\t<\/div>\n\t\t\t\t<div class=\"elementor-element elementor-element-8b3d8b3 elementor-widget elementor-widget-image\" data-id=\"8b3d8b3\" data-element_type=\"widget\" data-e-type=\"widget\" data-widget_type=\"image.default\">\n\t\t\t\t<div class=\"elementor-widget-container\">\n\t\t\t\t\t\t\t\t\t\t\t\t<figure class=\"wp-caption\">\n\t\t\t\t\t\t\t\t\t\t<img decoding=\"async\" width=\"1024\" height=\"709\" data-src=\"https:\/\/lachemhood.hu\/wp-content\/uploads\/2025\/10\/roblandnx310.webp\" class=\"attachment-large size-large wp-image-60269 lazyload\" alt=\"\" data-srcset=\"https:\/\/lachemhood.hu\/wp-content\/uploads\/2025\/10\/roblandnx310.webp 1024w, https:\/\/lachemhood.hu\/wp-content\/uploads\/2025\/10\/roblandnx310-400x277.webp 400w, https:\/\/lachemhood.hu\/wp-content\/uploads\/2025\/10\/roblandnx310-300x208.webp 300w, https:\/\/lachemhood.hu\/wp-content\/uploads\/2025\/10\/roblandnx310-768x532.webp 768w\" data-sizes=\"(max-width: 1024px) 100vw, 1024px\" title=\"\" src=\"data:image\/svg+xml;base64,PHN2ZyB3aWR0aD0iMSIgaGVpZ2h0PSIxIiB4bWxucz0iaHR0cDovL3d3dy53My5vcmcvMjAwMC9zdmciPjwvc3ZnPg==\" style=\"--smush-placeholder-width: 1024px; --smush-placeholder-aspect-ratio: 1024\/709;\">\t\t\t\t\t\t\t\t\t\t\t<figcaption class=\"widget-image-caption wp-caption-text\">Multifunctional combined machine. For example: Panel cutting <\/figcaption>\n\t\t\t\t\t\t\t\t\t\t<\/figure>\n\t\t\t\t\t\t\t\t\t<\/div>\n\t\t\t\t<\/div>\n\t\t\t\t<div class=\"elementor-element elementor-element-0d33684 elementor-widget elementor-widget-image\" data-id=\"0d33684\" data-element_type=\"widget\" data-e-type=\"widget\" data-widget_type=\"image.default\">\n\t\t\t\t<div class=\"elementor-widget-container\">\n\t\t\t\t\t\t\t\t\t\t\t\t<figure class=\"wp-caption\">\n\t\t\t\t\t\t\t\t\t\t<img decoding=\"async\" data-src=\"https:\/\/lachemhood.hu\/wp-content\/uploads\/2025\/10\/Gervago_korfuresz.png\" title=\"G\u00e9rv\u00e1g\u00f3_k\u00f6rf\u0171r\u00e9sz\" alt=\"G\u00e9rv\u00e1g\u00f3_k\u00f6rf\u0171r\u00e9sz\" src=\"data:image\/svg+xml;base64,PHN2ZyB3aWR0aD0iMSIgaGVpZ2h0PSIxIiB4bWxucz0iaHR0cDovL3d3dy53My5vcmcvMjAwMC9zdmciPjwvc3ZnPg==\" class=\"lazyload\" style=\"--smush-placeholder-width: 498px; --smush-placeholder-aspect-ratio: 498\/378;\" \/>\t\t\t\t\t\t\t\t\t\t\t<figcaption class=\"widget-image-caption wp-caption-text\">Cordless circular saw mitre saw<\/figcaption>\n\t\t\t\t\t\t\t\t\t\t<\/figure>\n\t\t\t\t\t\t\t\t\t<\/div>\n\t\t\t\t<\/div>\n\t\t\t\t<div class=\"elementor-element elementor-element-48e376b elementor-widget elementor-widget-text-editor\" data-id=\"48e376b\" data-element_type=\"widget\" data-e-type=\"widget\" data-widget_type=\"text-editor.default\">\n\t\t\t\t<div class=\"elementor-widget-container\">\n\t\t\t\t\t\t\t\t\t<section class=\"cnc-section\"><div class=\"container\"><h2>CNC megmunk\u00e1l\u00e1s<\/h2><p>A 3 tengelyes faipari CNC megmunk\u00e1l\u00e1s lehet\u0151v\u00e9 teszi a prec\u00edz, automatiz\u00e1lt \u00e9s hat\u00e9kony alkatr\u00e9szek l\u00e9trehoz\u00e1s\u00e1t a legk\u00fcl\u00f6nf\u00e9l\u00e9bb anyagokb\u00f3l, mint p\u00e9ld\u00e1ul lamin\u00e1lt b\u00fatorlap, munkalap, polipropil\u00e9n lemez \u00e9s kompakt lemez.\n    <\/p><p><strong>Munkater\u00fclet:<\/strong> 1500 x 3000 x 200 mm<br\/><strong>Ors\u00f3fordulat:<\/strong> 24 000 fordulat\/perc\n    <\/p><\/div><\/section><style>.cnc-section {\n    padding: 2rem;\n    background-color: #ffffff; \/* vil\u00e1gos h\u00e1tt\u00e9r *\/\n    font-family: Arial, sans-serif;\n  }\n\n  .container {\n    max-width: 11000px;\n    margin: 0 auto;\n    padding: 0 1rem;\n  }\n\n  .cnc-section h2 {\n    font-size: 2rem;\n    margin-bottom: 1rem;\n    color: #333;\n  }\n\n  .cnc-section p {\n    font-size: 1.1rem;\n    line-height: 1.6;\n    color: #444;\n    margin-bottom: 1rem;\n  }\n\n  @media (max-width: 768px) {\n    .cnc-section h2 {\n      font-size: 1.6rem;\n    }\n\n    .cnc-section p {\n      font-size: 1rem;\n    }\n  }\n<\/style>\t\t\t\t\t\t\t\t<\/div>\n\t\t\t\t<\/div>\n\t\t\t\t<div class=\"elementor-element elementor-element-ce0ea09 elementor-widget elementor-widget-image\" data-id=\"ce0ea09\" data-element_type=\"widget\" data-e-type=\"widget\" data-widget_type=\"image.default\">\n\t\t\t\t<div class=\"elementor-widget-container\">\n\t\t\t\t\t\t\t\t\t\t\t\t<figure class=\"wp-caption\">\n\t\t\t\t\t\t\t\t\t\t<img decoding=\"async\" width=\"651\" height=\"412\" data-src=\"https:\/\/lachemhood.hu\/wp-content\/uploads\/2025\/10\/CNC-8.webp\" class=\"attachment-large size-large wp-image-60257 lazyload\" alt=\"CNC mar\u00f3 g\u00e9p\" data-srcset=\"https:\/\/lachemhood.hu\/wp-content\/uploads\/2025\/10\/CNC-8.webp 651w, https:\/\/lachemhood.hu\/wp-content\/uploads\/2025\/10\/CNC-8-400x253.webp 400w, https:\/\/lachemhood.hu\/wp-content\/uploads\/2025\/10\/CNC-8-300x190.webp 300w\" data-sizes=\"(max-width: 651px) 100vw, 651px\" title=\"\" src=\"data:image\/svg+xml;base64,PHN2ZyB3aWR0aD0iMSIgaGVpZ2h0PSIxIiB4bWxucz0iaHR0cDovL3d3dy53My5vcmcvMjAwMC9zdmciPjwvc3ZnPg==\" style=\"--smush-placeholder-width: 651px; --smush-placeholder-aspect-ratio: 651\/412;\">\t\t\t\t\t\t\t\t\t\t\t<figcaption class=\"widget-image-caption wp-caption-text\">CNC machining machine<\/figcaption>\n\t\t\t\t\t\t\t\t\t\t<\/figure>\n\t\t\t\t\t\t\t\t\t<\/div>\n\t\t\t\t<\/div>\n\t\t\t\t<div class=\"elementor-element elementor-element-b56cd71 elementor-widget elementor-widget-text-editor\" data-id=\"b56cd71\" data-element_type=\"widget\" data-e-type=\"widget\" data-widget_type=\"text-editor.default\">\n\t\t\t\t<div class=\"elementor-widget-container\">\n\t\t\t\t\t\t\t\t\t<section class=\"lezervagas-section\"><div class=\"container\"><h2>L\u00e9zerv\u00e1g\u00e1s<\/h2><p>Modern l\u00e9zerv\u00e1g\u00f3 g\u00e9p\u00fcnkkel v\u00e1llaljuk ac\u00e9l, rozsdamentes ac\u00e9l, alum\u00ednium \u00e9s r\u00e9z lemezek v\u00e1g\u00e1s\u00e1t.\n    <\/p><p>Ha nem rendelkeznek k\u00e9sz tervekkel, m\u00e9rn\u00f6k csapatunk k\u00e9szs\u00e9ggel \u00e1ll rendelkez\u00e9s\u00fckre \u2013 megtervezz\u00fck elk\u00e9pzel\u00e9seiket.\n    <\/p><p><strong>V\u00e1ghat\u00f3 lemez m\u00e9ret:<\/strong> 1500 x 3000 mm<br\/><strong>V\u00e1ghat\u00f3 lemezvastags\u00e1g:<\/strong><br\/>&nbsp;&nbsp;\u2022 Ac\u00e9l: 8 mm<br\/>&nbsp;&nbsp;\u2022 Rozsdamentes ac\u00e9l: 4 mm<br\/>&nbsp;&nbsp;\u2022 Alum\u00ednium: 2 mm<br\/>&nbsp;&nbsp;\u2022 R\u00e9z: 2 mm<br\/><strong>Teljes\u00edtm\u00e9ny:<\/strong> 1000 W\n    <\/p><\/div><\/section><style>.lezervagas-section {\n    padding: 2rem;\n    background-color: #f4f4f4;\n    font-family: Arial, sans-serif;\n  }\n\n  .container {\n    max-width: 1100px;\n    margin: 0 auto;\n    padding: 0 1rem;\n  }\n\n  .lezervagas-section h2 {\n    font-size: 2rem;\n    margin-bottom: 1rem;\n    color: #333;\n  }\n\n  .lezervagas-section p {\n    font-size: 1.1rem;\n    line-height: 1.6;\n    color: #444;\n    margin-bottom: 1rem;\n  }\n\n  @media (max-width: 768px) {\n    .lezervagas-section h2 {\n      font-size: 1.6rem;\n    }\n\n    .lezervagas-section p {\n      font-size: 1rem;\n    }\n  }\n<\/style>\t\t\t\t\t\t\t\t<\/div>\n\t\t\t\t<\/div>\n\t\t\t\t<div class=\"elementor-element elementor-element-a8d8f18 elementor-widget elementor-widget-image\" data-id=\"a8d8f18\" data-element_type=\"widget\" data-e-type=\"widget\" data-widget_type=\"image.default\">\n\t\t\t\t<div class=\"elementor-widget-container\">\n\t\t\t\t\t\t\t\t\t\t\t\t<figure class=\"wp-caption\">\n\t\t\t\t\t\t\t\t\t\t<img decoding=\"async\" width=\"600\" height=\"390\" data-src=\"https:\/\/lachemhood.hu\/wp-content\/uploads\/2025\/10\/lezervago-5.webp\" class=\"attachment-large size-large wp-image-60267 lazyload\" alt=\"\" data-srcset=\"https:\/\/lachemhood.hu\/wp-content\/uploads\/2025\/10\/lezervago-5.webp 600w, https:\/\/lachemhood.hu\/wp-content\/uploads\/2025\/10\/lezervago-5-400x260.webp 400w, https:\/\/lachemhood.hu\/wp-content\/uploads\/2025\/10\/lezervago-5-300x195.webp 300w\" data-sizes=\"(max-width: 600px) 100vw, 600px\" title=\"\" src=\"data:image\/svg+xml;base64,PHN2ZyB3aWR0aD0iMSIgaGVpZ2h0PSIxIiB4bWxucz0iaHR0cDovL3d3dy53My5vcmcvMjAwMC9zdmciPjwvc3ZnPg==\" style=\"--smush-placeholder-width: 600px; --smush-placeholder-aspect-ratio: 600\/390;\">\t\t\t\t\t\t\t\t\t\t\t<figcaption class=\"widget-image-caption wp-caption-text\">Laser cutting machine<\/figcaption>\n\t\t\t\t\t\t\t\t\t\t<\/figure>\n\t\t\t\t\t\t\t\t\t<\/div>\n\t\t\t\t<\/div>\n\t\t\t\t<div class=\"elementor-element elementor-element-ff6466e elementor-widget elementor-widget-text-editor\" data-id=\"ff6466e\" data-element_type=\"widget\" data-e-type=\"widget\" data-widget_type=\"text-editor.default\">\n\t\t\t\t<div class=\"elementor-widget-container\">\n\t\t\t\t\t\t\t\t\t<section class=\"elhajlitas-section\"><div class=\"container\"><h2>Live bending<\/h2><p>With our live bending machines, we can create your live bending ideas. Our team of engineers can design your ideas in 3D and 2D, as well as in the form of visual designs. <\/p><p><strong>Model:<\/strong> WC67K &#8211; 100 T<br><strong>Bending force:<\/strong> 100 tons<br><strong>Max. bending length:<\/strong> 3000 mm<\/p><\/div><\/section><p><style>\n  .elhajlitas-section {<br> padding: 2rem;<br> background-color: #fdfdfd;<br> font-family: Arial, sans-serif;<br> }<\/p>\n<p>  .container {<br> max-width: 1100px;<br> margin: 0 auto;<br> padding: 0 1rem;<br> }<\/p>\n<p>  .elhajlitas-section h2 {<br> font-size: 2rem;<br> margin-bottom: 1rem;<br> color: #333;<br> }<\/p>\n<p>  .elhajlitas-section p {<br> font-size: 1.1rem;<br> line-height: 1.6;<br> color: #444;<br> margin-bottom: 1rem;<br> }<\/p>\n<p>  @media (max-width: 768px) {<br>.elhajlitas-section h2 {<br> font-size: 1.6rem;<br> }<\/p>\n<p>  .elhajlitas-section p {<br> font-size: 1rem;<br> }<br> }<br><\/style><\/p>\t\t\t\t\t\t\t\t<\/div>\n\t\t\t\t<\/div>\n\t\t\t\t<div class=\"elementor-element elementor-element-d14b3d0 elementor-widget elementor-widget-image\" data-id=\"d14b3d0\" data-element_type=\"widget\" data-e-type=\"widget\" data-widget_type=\"image.default\">\n\t\t\t\t<div class=\"elementor-widget-container\">\n\t\t\t\t\t\t\t\t\t\t\t\t\t\t\t<img decoding=\"async\" width=\"983\" height=\"702\" data-src=\"https:\/\/lachemhood.hu\/wp-content\/uploads\/2025\/10\/elhajlito-8.webp\" class=\"attachment-large size-large wp-image-60263 lazyload\" alt=\"\" data-srcset=\"https:\/\/lachemhood.hu\/wp-content\/uploads\/2025\/10\/elhajlito-8.webp 983w, https:\/\/lachemhood.hu\/wp-content\/uploads\/2025\/10\/elhajlito-8-400x286.webp 400w, https:\/\/lachemhood.hu\/wp-content\/uploads\/2025\/10\/elhajlito-8-300x214.webp 300w, https:\/\/lachemhood.hu\/wp-content\/uploads\/2025\/10\/elhajlito-8-768x548.webp 768w\" data-sizes=\"(max-width: 983px) 100vw, 983px\" title=\"\" src=\"data:image\/svg+xml;base64,PHN2ZyB3aWR0aD0iMSIgaGVpZ2h0PSIxIiB4bWxucz0iaHR0cDovL3d3dy53My5vcmcvMjAwMC9zdmciPjwvc3ZnPg==\" style=\"--smush-placeholder-width: 983px; --smush-placeholder-aspect-ratio: 983\/702;\">\t\t\t\t\t\t\t\t\t\t\t\t\t\t\t<\/div>\n\t\t\t\t<\/div>\n\t\t\t\t<div class=\"elementor-element elementor-element-c1ccc83 elementor-widget elementor-widget-text-editor\" data-id=\"c1ccc83\" data-element_type=\"widget\" data-e-type=\"widget\" data-widget_type=\"text-editor.default\">\n\t\t\t\t<div class=\"elementor-widget-container\">\n\t\t\t\t\t\t\t\t\t<section class=\"elhajlito-section\"><div class=\"container\"><h2>MAXI PLUS 30\/60 3SH<\/h2><p>Our MAXI PLUS 30\/60 3SH edge bending machine offers high precision and reliability for bending a variety of sheet metals. It is also ideal for steel, stainless steel and aluminium materials. It has a plate feeder.  <\/p><p><strong>Bending length:<\/strong> 3020 mm<br><strong>Bending plate thickness:<\/strong><br>&#8211; Steel: 6 mm<br>&#8211; Stainless steel: 3.5 mm<br>&#8211; Aluminium: 7 mm<br><strong>Bending angle range:<\/strong> 6\u00b0 &#8211; 135\u00b0<\/p><\/div><\/section><p><style>\n  .elhajlito-section {<br> padding: 2rem;<br> background-color: #f8f8f8;<br> font-family: Arial, sans-serif;<br> }<\/p>\n<p>  .container {<br> max-width: 1100px;<br> margin: 0 auto;<br> padding: 0 1rem;<br> }<\/p>\n<p>  .elhajlito-section h2 {<br> font-size: 2rem;<br> margin-bottom: 1rem;<br> color: #333;<br> }<\/p>\n<p>  .elhajlito-section p {<br> font-size: 1.1rem;<br> line-height: 1.6;<br> color: #444;<br> margin-bottom: 1rem;<br> }<\/p>\n<p>  @media (max-width: 768px) {<br>.elhajlito-section h2 {<br> font-size: 1.6rem;<br> }<\/p>\n<p>  .elhajlito-section p {<br> font-size: 1rem;<br> }<br> }<br><\/style><\/p>\t\t\t\t\t\t\t\t<\/div>\n\t\t\t\t<\/div>\n\t\t\t\t<div class=\"elementor-element elementor-element-53c41f2 elementor-widget elementor-widget-image\" data-id=\"53c41f2\" data-element_type=\"widget\" data-e-type=\"widget\" data-widget_type=\"image.default\">\n\t\t\t\t<div class=\"elementor-widget-container\">\n\t\t\t\t\t\t\t\t\t\t\t\t<figure class=\"wp-caption\">\n\t\t\t\t\t\t\t\t\t\t<img decoding=\"async\" width=\"1024\" height=\"650\" data-src=\"https:\/\/lachemhood.hu\/wp-content\/uploads\/2025\/10\/Elhajlito-3.webp\" class=\"attachment-large size-large wp-image-60261 lazyload\" alt=\"\" data-srcset=\"https:\/\/lachemhood.hu\/wp-content\/uploads\/2025\/10\/Elhajlito-3.webp 1024w, https:\/\/lachemhood.hu\/wp-content\/uploads\/2025\/10\/Elhajlito-3-400x254.webp 400w, https:\/\/lachemhood.hu\/wp-content\/uploads\/2025\/10\/Elhajlito-3-300x190.webp 300w, https:\/\/lachemhood.hu\/wp-content\/uploads\/2025\/10\/Elhajlito-3-768x488.webp 768w\" data-sizes=\"(max-width: 1024px) 100vw, 1024px\" title=\"\" src=\"data:image\/svg+xml;base64,PHN2ZyB3aWR0aD0iMSIgaGVpZ2h0PSIxIiB4bWxucz0iaHR0cDovL3d3dy53My5vcmcvMjAwMC9zdmciPjwvc3ZnPg==\" style=\"--smush-placeholder-width: 1024px; --smush-placeholder-aspect-ratio: 1024\/650;\">\t\t\t\t\t\t\t\t\t\t\t<figcaption class=\"widget-image-caption wp-caption-text\">CNC bending machine<\/figcaption>\n\t\t\t\t\t\t\t\t\t\t<\/figure>\n\t\t\t\t\t\t\t\t\t<\/div>\n\t\t\t\t<\/div>\n\t\t\t\t<div class=\"elementor-element elementor-element-78aff76 elementor-widget elementor-widget-text-editor\" data-id=\"78aff76\" data-element_type=\"widget\" data-e-type=\"widget\" data-widget_type=\"text-editor.default\">\n\t\t\t\t<div class=\"elementor-widget-container\">\n\t\t\t\t\t\t\t\t\t<section class=\"cs\u0151hajlitas-section\"><div class=\"container\"><h2>CNC tube bending machine &#8211; DW50CNC\u00d73A-1S<\/h2><p>Our CNC controlled tube bending machine is the ideal choice for precision tube bending jobs. We offer high precision and repeatability with automated operation. <\/p><p><strong>Model:<\/strong> DW50CNC\u00d73A-1S<br><strong>Max. pipe size:<\/strong> \u00d850 \u00d7 2 mm<br><strong>Max. bending radius:<\/strong> 250 mm<br><strong>Min. bending radius:<\/strong> depending on pipe diameter<br><strong>Max. bending angle:<\/strong> 190\u00b0<br><strong>Max. loading length:<\/strong> 3000 mm<\/p><\/div><\/section><p><style>\n  .pipe-hair-litas-section {<br> padding: 2rem;<br> background-color: #f4f4f4;<br> font-family: Arial, sans-serif;<br> }<\/p>\n<p>  .container {<br> max-width: 110<span style=\"display: inline-block; width: 0px; overflow: hidden; line-height: 0;\" data-mce-type=\"bookmark\" class=\"mce_SELRES_start\"><\/span>0px;<br> margin: 0 auto;<br> padding: 0 1rem;<br> }<\/p>\n<p>  .pipe-hair-litas-section h2 {<br> font-size: 2rem;<br> margin-bottom: 1rem;<br> color: #333;<br> }<\/p>\n<p>  .pipe-hair-litas-section p {<br> font-size: 1.1rem;<br> line-height: 1.6;<br> color: #444;<br> margin-bottom: 1rem;<br> }<\/p>\n<p>  @media (max-width: 768px) {<br>.tube-hair-litas-section h2 {<br> font-size: 1.6rem;<br> }<\/p>\n<p>  .pipe-hair-litas-section p {<br> font-size: 1rem;<br> }<br> }<br><\/style><\/p>\t\t\t\t\t\t\t\t<\/div>\n\t\t\t\t<\/div>\n\t\t\t\t<div class=\"elementor-element elementor-element-ce4c71d elementor-widget elementor-widget-image\" data-id=\"ce4c71d\" data-element_type=\"widget\" data-e-type=\"widget\" data-widget_type=\"image.default\">\n\t\t\t\t<div class=\"elementor-widget-container\">\n\t\t\t\t\t\t\t\t\t\t\t\t<figure class=\"wp-caption\">\n\t\t\t\t\t\t\t\t\t\t<img decoding=\"async\" width=\"759\" height=\"386\" data-src=\"https:\/\/lachemhood.hu\/wp-content\/uploads\/2025\/10\/csohajlito-5.webp\" class=\"attachment-large size-large wp-image-60259 lazyload\" alt=\"\" data-srcset=\"https:\/\/lachemhood.hu\/wp-content\/uploads\/2025\/10\/csohajlito-5.webp 759w, https:\/\/lachemhood.hu\/wp-content\/uploads\/2025\/10\/csohajlito-5-400x203.webp 400w, https:\/\/lachemhood.hu\/wp-content\/uploads\/2025\/10\/csohajlito-5-300x153.webp 300w\" data-sizes=\"(max-width: 759px) 100vw, 759px\" title=\"\" src=\"data:image\/svg+xml;base64,PHN2ZyB3aWR0aD0iMSIgaGVpZ2h0PSIxIiB4bWxucz0iaHR0cDovL3d3dy53My5vcmcvMjAwMC9zdmciPjwvc3ZnPg==\" style=\"--smush-placeholder-width: 759px; --smush-placeholder-aspect-ratio: 759\/386;\">\t\t\t\t\t\t\t\t\t\t\t<figcaption class=\"widget-image-caption wp-caption-text\">Tube bending machine<\/figcaption>\n\t\t\t\t\t\t\t\t\t\t<\/figure>\n\t\t\t\t\t\t\t\t\t<\/div>\n\t\t\t\t<\/div>\n\t\t\t\t<div class=\"elementor-element elementor-element-af99056 elementor-widget elementor-widget-text-editor\" data-id=\"af99056\" data-element_type=\"widget\" data-e-type=\"widget\" data-widget_type=\"text-editor.default\">\n\t\t\t\t<div class=\"elementor-widget-container\">\n\t\t\t\t\t\t\t\t\t<section class=\"hegesztes-section\"><div class=\"container\"><h2>Stainless steel welding<\/h2><p>We undertake stainless steel welding with our state-of-the-art laser welding machines and skilled welding colleagues. Precise and clean weld quality is ensured by a combination of modern technology and experience. <\/p><p><strong>Model:<\/strong> LXW-1500<br> Laser power<strong>:<\/strong> 1500 W<br> Laser frequency<strong>:<\/strong> 50 Hz<\/p><\/div><\/section><p><style>\n  .hegesztes-section {<br> padding: 2rem;<br> background-color: #ffffff;<br> font-family: Arial, sans-serif;<br> }<\/p>\n<p>  .container {<br> max-width: 1100px;<br> margin: 0 auto;<br> padding: 0 1rem;<br> }<\/p>\n<p>  .hegesztes-section h2 {<br> font-size: 2rem;<br> margin-bottom: 1rem;<br> color: #333;<br> }<\/p>\n<p>  .hegesztes-section p {<br> font-size: 1.1rem;<br> line-height: 1.6;<br> color: #444;<br> margin-bottom: 1rem;<br> }<\/p>\n<p>  @media (max-width: 768px) {<br>.hegesztes-section h2 {<br> font-size: 1.6rem;<br> }<\/p>\n<p>  .hegesztes-section p {<br> font-size: 1rem;<br> }<br> }<br><\/style><\/p>\t\t\t\t\t\t\t\t<\/div>\n\t\t\t\t<\/div>\n\t\t\t\t<div class=\"elementor-element elementor-element-ca793ce elementor-widget elementor-widget-image\" data-id=\"ca793ce\" data-element_type=\"widget\" data-e-type=\"widget\" data-widget_type=\"image.default\">\n\t\t\t\t<div class=\"elementor-widget-container\">\n\t\t\t\t\t\t\t\t\t\t\t\t<figure class=\"wp-caption\">\n\t\t\t\t\t\t\t\t\t\t<img decoding=\"async\" width=\"876\" height=\"493\" data-src=\"https:\/\/lachemhood.hu\/wp-content\/uploads\/2025\/10\/laser_hegeszto.png\" class=\"attachment-large size-large wp-image-60279 lazyload\" alt=\"\" data-srcset=\"https:\/\/lachemhood.hu\/wp-content\/uploads\/2025\/10\/laser_hegeszto.png 876w, https:\/\/lachemhood.hu\/wp-content\/uploads\/2025\/10\/laser_hegeszto-400x225.png 400w, https:\/\/lachemhood.hu\/wp-content\/uploads\/2025\/10\/laser_hegeszto-300x169.png 300w, https:\/\/lachemhood.hu\/wp-content\/uploads\/2025\/10\/laser_hegeszto-768x432.png 768w\" data-sizes=\"(max-width: 876px) 100vw, 876px\" title=\"\" src=\"data:image\/svg+xml;base64,PHN2ZyB3aWR0aD0iMSIgaGVpZ2h0PSIxIiB4bWxucz0iaHR0cDovL3d3dy53My5vcmcvMjAwMC9zdmciPjwvc3ZnPg==\" style=\"--smush-placeholder-width: 876px; --smush-placeholder-aspect-ratio: 876\/493;\">\t\t\t\t\t\t\t\t\t\t\t<figcaption class=\"widget-image-caption wp-caption-text\">Laser welder<\/figcaption>\n\t\t\t\t\t\t\t\t\t\t<\/figure>\n\t\t\t\t\t\t\t\t\t<\/div>\n\t\t\t\t<\/div>\n\t\t\t\t\t<\/div>\n\t\t\t\t<\/div>\n\t\t\t\t<\/div>\n\t\t","protected":false},"excerpt":{"rendered":"Lapszab\u00e1szat Lapszab\u00e1sz g\u00e9peinkkel v\u00e1llaljuk lamin\u00e1lt b\u00fatorlapok, munkalapok, kompakt lemezek \u00e9s polipropil\u00e9n lemezek szab\u00e1szat\u00e1t. \u00d6nnek csak a m\u00e9reteket kell megadnia \u2013 mi elk\u00e9sz\u00edtj\u00fck az optimaliz\u00e1lt szab\u00e1szati t\u00e9rk\u00e9peket a min\u00e9l hat\u00e9konyabb anyagkihozatal \u00e9rdek\u00e9ben. V\u00edzszintes v\u00e1g\u00e1s hossz\u00fas\u00e1g: 4000 mmF\u00fcgg\u0151leges v\u00e1g\u00e1smagass\u00e1g: 2000 mmV\u00e1g\u00e1s vastags\u00e1g: 25 mm BALA CPM E 2B slitting machine. Vertical panel saw. Multifunctional combined machine. For&#8230;\n","protected":false},"author":39,"featured_media":0,"parent":0,"menu_order":0,"comment_status":"closed","ping_status":"closed","template":"","meta":{"_bodyClasses":"","_disableContainer":false,"_hidePageHeader":false,"_headerStyle":"","_isCustomHeader":false,"_headerStaticContentID":0,"_isCustomFooter":false,"_footerStaticContentId":0,"footnotes":""},"class_list":["post-60975","page","type-page","status-publish","hentry"],"_links":{"self":[{"href":"https:\/\/lachemhood.hu\/en\/wp-json\/wp\/v2\/pages\/60975","targetHints":{"allow":["GET"]}}],"collection":[{"href":"https:\/\/lachemhood.hu\/en\/wp-json\/wp\/v2\/pages"}],"about":[{"href":"https:\/\/lachemhood.hu\/en\/wp-json\/wp\/v2\/types\/page"}],"author":[{"embeddable":true,"href":"https:\/\/lachemhood.hu\/en\/wp-json\/wp\/v2\/users\/39"}],"replies":[{"embeddable":true,"href":"https:\/\/lachemhood.hu\/en\/wp-json\/wp\/v2\/comments?post=60975"}],"version-history":[{"count":8,"href":"https:\/\/lachemhood.hu\/en\/wp-json\/wp\/v2\/pages\/60975\/revisions"}],"predecessor-version":[{"id":61805,"href":"https:\/\/lachemhood.hu\/en\/wp-json\/wp\/v2\/pages\/60975\/revisions\/61805"}],"wp:attachment":[{"href":"https:\/\/lachemhood.hu\/en\/wp-json\/wp\/v2\/media?parent=60975"}],"curies":[{"name":"wp","href":"https:\/\/api.w.org\/{rel}","templated":true}]}}